{"id":1644,"date":"2024-07-29T04:46:24","date_gmt":"2024-07-29T04:46:24","guid":{"rendered":"https:\/\/lwt2.pomeraniandevelopment.pl\/?post_type=product&#038;p=1644"},"modified":"2024-08-06T10:58:47","modified_gmt":"2024-08-06T10:58:47","slug":"plszungit-naturalny-wklad-do-filtra-karelia-rosja","status":"publish","type":"product","link":"https:\/\/lwt2.pomeraniandevelopment.pl\/en\/produkt\/plszungit-naturalny-wklad-do-filtra-karelia-rosja\/","title":{"rendered":"Szungit Naturalny wk\u0142ad do filtra Karelia Rosja"},"content":{"rendered":"<p>Szungit \u0142upany do wody &#8211; minera\u0142 naturalnie wyst\u0119puj\u0105cy w przyrodzie by\u0142 od tysi\u0105cleci u\u017cywany przez naszych przodk\u00f3w do poprawiania jako\u015bci wody pitnej. Przez ten czas jego w\u0142a\u015bciwo\u015bci zosta\u0142y sprawdzone i potwierdzone, a dzia\u0142anie wspomagaj\u0105ce zdrowie stosuje si\u0119 do dzisiaj. Je\u015bli kto\u015b stosuje do wody krzemie\u0144, mo\u017ce z r\u00f3wnie dobrym efektem wypr\u00f3bowa\u0107 ten unikalny minera\u0142.<\/p>\n<p><strong>Wielko\u015b\u0107 bry\u0142ek: 1- 4 cm waga waha si\u0119 w\u00a0zale\u017cno\u015bci od wielko\u015bci bry\u0142ek.<\/strong><\/p>\n<p>Szungit jest naturalnym filtrem, za pomoc\u0105 kt\u00f3rego mo\u017cemy si\u0119 cieszy\u0107 i smakowa\u0107 krystalicznie czyst\u0105 wod\u0119, gdy\u017c usuwa z niej wszelakie zanieczyszczenia. Mi\u0119dzy innymi:<\/p>\n<ul>\n<li>metale ci\u0119\u017ckie,<\/li>\n<li>\u017celazo koloidalne z rur wodoci\u0105gowych,<\/li>\n<li>azotany i azotyny,<\/li>\n<li>pestycydy,<\/li>\n<li>dioksyny, fenole,<\/li>\n<li>zwi\u0105zki chloroorganiczne,<\/li>\n<li>produkty naftowe,<\/li>\n<li>wirusy oraz bakterie.<\/li>\n<\/ul>\n<p><span style=\"color: #3366ff;\">Wa\u017cna uwaga; szungit trzeba przed w\u0142o\u017ceniem do tuby dobrze wielokrotnie wyp\u0142uka\u0107 w zimniej wodzie a\u017c nie b\u0119dzie brudzi\u0142 !<\/span><\/p>\n<p>Porcja zawiera 1,2 do 1,5 kg (w zale\u017cno\u015bci od wielko\u015bci bry\u0142ek) pe\u0142na tuba wk\u0142ad do zestawu &#8220;M\u00f3j Dom S&#8221; pakowany w worki.<\/p>\n","protected":false},"excerpt":{"rendered":"<p><strong>Wielko\u015b\u0107 bry\u0142ek: 1- 4 cm<\/strong><\/p>\n","protected":false},"featured_media":1680,"comment_status":"closed","ping_status":"closed","template":"","meta":[],"product_brand":[],"product_cat":[21],"product_tag":[],"class_list":{"0":"post-1644","1":"product","2":"type-product","3":"status-publish","4":"has-post-thumbnail","6":"product_cat-akcesoria","8":"first","9":"instock","10":"shipping-taxable","11":"purchasable","12":"product-type-simple"},"acf":[],"_links":{"self":[{"href":"https:\/\/lwt2.pomeraniandevelopment.pl\/en\/wp-json\/wp\/v2\/product\/1644"}],"collection":[{"href":"https:\/\/lwt2.pomeraniandevelopment.pl\/en\/wp-json\/wp\/v2\/product"}],"about":[{"href":"https:\/\/lwt2.pomeraniandevelopment.pl\/en\/wp-json\/wp\/v2\/types\/product"}],"replies":[{"embeddable":true,"href":"https:\/\/lwt2.pomeraniandevelopment.pl\/en\/wp-json\/wp\/v2\/comments?post=1644"}],"wp:featuredmedia":[{"embeddable":true,"href":"https:\/\/lwt2.pomeraniandevelopment.pl\/en\/wp-json\/wp\/v2\/media\/1680"}],"wp:attachment":[{"href":"https:\/\/lwt2.pomeraniandevelopment.pl\/en\/wp-json\/wp\/v2\/media?parent=1644"}],"wp:term":[{"taxonomy":"product_brand","embeddable":true,"href":"https:\/\/lwt2.pomeraniandevelopment.pl\/en\/wp-json\/wp\/v2\/product_brand?post=1644"},{"taxonomy":"product_cat","embeddable":true,"href":"https:\/\/lwt2.pomeraniandevelopment.pl\/en\/wp-json\/wp\/v2\/product_cat?post=1644"},{"taxonomy":"product_tag","embeddable":true,"href":"https:\/\/lwt2.pomeraniandevelopment.pl\/en\/wp-json\/wp\/v2\/product_tag?post=1644"}],"curies":[{"name":"wp","href":"https:\/\/api.w.org\/{rel}","templated":true}]}}