{"id":1640,"date":"2024-07-29T04:46:24","date_gmt":"2024-07-29T04:46:24","guid":{"rendered":"https:\/\/lwt2.pomeraniandevelopment.pl\/?post_type=product&#038;p=1640"},"modified":"2024-08-06T10:57:43","modified_gmt":"2024-08-06T10:57:43","slug":"plfcps5-wklad-polipropylenowy-10x25-cala-5-mikron","status":"publish","type":"product","link":"https:\/\/lwt2.pomeraniandevelopment.pl\/en\/produkt\/plfcps5-wklad-polipropylenowy-10x25-cala-5-mikron\/","title":{"rendered":"FCPS5- wk\u0142ad polipropylenowy 10&#215;2,5 cala 5 mikron"},"content":{"rendered":"<p>Klasyczny wk\u0142ad filtruj\u0105cy wod\u0119 z zanieczyszcze\u0144 mechanicznych, kt\u00f3rych wielko\u015b\u0107 nie przekracza 5 mikron\u00f3w. Taka dok\u0142adno\u015b\u0107 filtracji jest w zupe\u0142no\u015bci wystarczaj\u0105ca do typowych zastosowa\u0144, takich jak usuwanie z wody mu\u0142u, szlamu, piasku, sta\u0142ych frakcji rdzy itp.<\/p>\n<p>FCPS5 wykonany jest z wysokiej jako\u015bci pianki (w\u0142\u00f3kniny) polipropylenowej, uformowanej w spos\u00f3b zapewniaj\u0105cy filtrowanie wody ca\u0142\u0105 struktur\u0105 wk\u0142adu.<\/p>\n<p>Wk\u0142ad \u00a0do Systemu uzdatniania wody &#8220;M\u00f3j Dom&#8221; i M\u00f3j Dom S&#8221;<\/p>\n","protected":false},"excerpt":{"rendered":"<p>Klasyczny wk\u0142ad filtruj\u0105cy wod\u0119 z zanieczyszcze\u0144 mechanicznych, kt\u00f3rych wielko\u015b\u0107 nie przekracza 5 mikron\u00f3w.<\/p>\n","protected":false},"featured_media":1676,"comment_status":"closed","ping_status":"closed","template":"","meta":[],"product_brand":[],"product_cat":[21],"product_tag":[],"class_list":{"0":"post-1640","1":"product","2":"type-product","3":"status-publish","4":"has-post-thumbnail","6":"product_cat-akcesoria","8":"first","9":"instock","10":"shipping-taxable","11":"purchasable","12":"product-type-simple"},"acf":[],"_links":{"self":[{"href":"https:\/\/lwt2.pomeraniandevelopment.pl\/en\/wp-json\/wp\/v2\/product\/1640"}],"collection":[{"href":"https:\/\/lwt2.pomeraniandevelopment.pl\/en\/wp-json\/wp\/v2\/product"}],"about":[{"href":"https:\/\/lwt2.pomeraniandevelopment.pl\/en\/wp-json\/wp\/v2\/types\/product"}],"replies":[{"embeddable":true,"href":"https:\/\/lwt2.pomeraniandevelopment.pl\/en\/wp-json\/wp\/v2\/comments?post=1640"}],"wp:featuredmedia":[{"embeddable":true,"href":"https:\/\/lwt2.pomeraniandevelopment.pl\/en\/wp-json\/wp\/v2\/media\/1676"}],"wp:attachment":[{"href":"https:\/\/lwt2.pomeraniandevelopment.pl\/en\/wp-json\/wp\/v2\/media?parent=1640"}],"wp:term":[{"taxonomy":"product_brand","embeddable":true,"href":"https:\/\/lwt2.pomeraniandevelopment.pl\/en\/wp-json\/wp\/v2\/product_brand?post=1640"},{"taxonomy":"product_cat","embeddable":true,"href":"https:\/\/lwt2.pomeraniandevelopment.pl\/en\/wp-json\/wp\/v2\/product_cat?post=1640"},{"taxonomy":"product_tag","embeddable":true,"href":"https:\/\/lwt2.pomeraniandevelopment.pl\/en\/wp-json\/wp\/v2\/product_tag?post=1640"}],"curies":[{"name":"wp","href":"https:\/\/api.w.org\/{rel}","templated":true}]}}