{"id":1638,"date":"2024-07-29T04:46:24","date_gmt":"2024-07-29T04:46:24","guid":{"rendered":"https:\/\/lwt2.pomeraniandevelopment.pl\/?post_type=product&#038;p=1638"},"modified":"2024-08-06T10:56:25","modified_gmt":"2024-08-06T10:56:25","slug":"plaktywna-kula-5-cm-1-sztuka-lw5","status":"publish","type":"product","link":"https:\/\/lwt2.pomeraniandevelopment.pl\/en\/produkt\/plaktywna-kula-5-cm-1-sztuka-lw5\/","title":{"rendered":"Aktywna Kula &#8211; 5 CM &#8211; 1 sztuka (LW5)"},"content":{"rendered":"<p><strong>Aktywna Kula<\/strong> dzia\u0142a w oparciu o technologi\u0119 \u017cywej wody \u201eLiving Water Technology\u201d Wykorzystuj\u0105c w pe\u0142ni energi\u0119 natury, oddzia\u0142uj\u0105c specjalnie opracowan\u0105 wod\u0105 wzorcow\u0105, znajduj\u0105c\u0105 si\u0119 wewn\u0105trz kuli. kula o\u017cywia (przywraca naturaln\u0105 struktur\u0119 wodzie)<\/p>\n<p>Picie \u017cywej wody wzmacnia pami\u0119\u0107, pozwala unikn\u0105\u0107 wielu chor\u00f3b, wzmacnia psychofizyczne zdolno\u015bci cz\u0142owieka, a woda taka znacznie lepiej nasyca biomoleku\u0142y organizmu oraz aktywniej reaguje ze sk\u0142adnikami biologicznymi i mineralnymi cia\u0142a.<\/p>\n<p>&nbsp;<\/p>\n<p><strong>ZASTOSOWANIE:<\/strong><\/p>\n<ul>\n<li>Picie wody oraz innych napoj\u00f3w spo\u017cywczych<\/li>\n<li>Przygotowywanie posi\u0142k\u00f3w \u2013 zupy, soki, kompoty, sosy, wywary<\/li>\n<li>Przygotowywanie napar\u00f3w zio\u0142owych \u2013 wzmacnia dzia\u0142anie zi\u00f3\u0142<\/li>\n<li>Podlewanie ro\u015blin<\/li>\n<li>Mycie produkt\u00f3w spo\u017cywczych<\/li>\n<\/ul>\n<p><strong>ZMIANY ZACHODZACE W ORGANIZMIE<\/strong>\u00a0\u2013 wg prof. Mu Shik Jhona \u2013 na skutek picia strukturyzowanej wody, jej wp\u0142yw na r\u00f3\u017cnego rodzaju dolegliwo\u015bci i choroby oraz inne zalety s\u0105 nast\u0119puj\u0105ce:<\/p>\n<ul>\n<li>polepszenie zdolno\u015bci przenoszenia tlenu i substancji od\u017cywczych do kom\u00f3rek oraz usuwania substancji odpadowych z kom\u00f3rek,<\/li>\n<li>poprawa utlenowania krwi,<\/li>\n<li>stabilizacja funkcji serca,<\/li>\n<li>zapobieganie b\u0142\u0119dom podczas replikacji DNA, bowiem niestrukturyzowana woda zwi\u0119ksza mo\u017cliwo\u015b\u0107 powstawania takich b\u0142\u0119d\u00f3w prowadz\u0105cych do powstawania podzia\u0142\u00f3w kom\u00f3rek sprzyjaj\u0105cych powstawaniu nowotwor\u00f3w,<\/li>\n<li>woda heksagonalna jest g\u0142\u00f3wnym \u017ar\u00f3d\u0142em energii wszelkich organ\u00f3w \u2013 jest to szczeg\u00f3lnie istotne dla zapewnienia wysokiej wydajno\u015bci i wydolno\u015bci fizycznej przy wykonywaniu ci\u0119\u017ckich prac fizycznych czy podczas uprawiania sport\u00f3w wyczynowych,<\/li>\n<li>polepszenie wch\u0142aniania sk\u0142adnik\u00f3w od\u017cywczych,<\/li>\n<li>zwi\u0119kszenie mocy uk\u0142adu immunologicznego,<\/li>\n<li>polepszanie hydratacji, czyli otaczania substancji przez moleku\u0142y wody i przez to lepsze rozpuszczanie i wch\u0142anianie tych substancji do organizmu,<\/li>\n<li>wzrost odporno\u015bci organizmu na choroby, poniewa\u017c wi\u0119kszo\u015b\u0107 chor\u00f3b wi\u0105\u017ce si\u0119 z chronicznym odwodnieniem,<\/li>\n<li>przeciwdzia\u0142anie wysuszaniu sk\u00f3ry, tr\u0105dzikowi, \u0142uszczycy, powstawaniu zmarszczek,<\/li>\n<li>przeciwdzia\u0142anie zaparciom i polepszenie oczyszczania jelita grubego ze z\u0142og\u00f3w poprzez ich lepsze rozpuszczanie i wymywanie,<\/li>\n<li>przeciwdzia\u0142anie powstawaniu \u201ez\u0142ego\u201d cholesterolu LDL i odk\u0142adaniu si\u0119 produkt\u00f3w jego utleniania na \u015bciankach naczy\u0144 krwiono\u015bnych (problemy z cholesterolem powstaj\u0105 w du\u017cej mierze na bazie utajonego odwodnienia organizmu),<\/li>\n<li>zmniejszanie wysokiego poziomu cholesterolu i wysokiego ci\u015bnienia krwi,<\/li>\n<li>najprawdopodobniej jeden z najwa\u017cniejszych czynnik\u00f3w sprzyjaj\u0105cych zmniejszaniu masy cia\u0142a (przeciwdzia\u0142aniu oty\u0142o\u015bci); ka\u017cdy program dotycz\u0105cy odchudzania powinien bazowa\u0107 na piciu strukturyzowanej wody,<\/li>\n<li>brak zaopatrzenia organizmu w heksagonaln\u0105 wod\u0119 przyczynia si\u0119 do wzrostu tkanki t\u0142uszczowej oraz do zamieniania si\u0119 jej w zbiornik toksyn i kwa\u015bnych odpad\u00f3w prowadz\u0105cych do powstawania cellulitu,<\/li>\n<li>polepszenie procesu oczyszczania w\u0105troby, krwi i nerek,<\/li>\n<li>przeciwdzia\u0142anie zm\u0119czeniu poprzez dostarczanie dodatkowych porcji energii,<\/li>\n<li>rozpuszczanie i usuwanie z organizmu nadmiaru wszelkich soli,<\/li>\n<li>poprawa zdrowia u cukrzyk\u00f3w i zmniejszenie zapotrzebowania na insulin\u0119,<\/li>\n<li>przeciwdzia\u0142anie alergii i astmie \u2013 regularne i cz\u0119ste picie heksagonalnej wody powinno by\u0107 podstawowym obowi\u0105zkiem alergik\u00f3w i astmatyk\u00f3w,<\/li>\n<li>przeciwdzia\u0142anie stresom poprzez zmniejszanie napi\u0119cia emocjonalnego,<\/li>\n<li>poprawa ph krwi oraz wszystkich jego organ\u00f3w (regulacja gospodarki kwasowo-zasadowej.<\/li>\n<\/ul>\n<p>&nbsp;<\/p>\n<p>Wykonane z miedzi, opakowanie folia b\u0105belkowa.<\/p>\n<p>&nbsp;<\/p>\n<p class=\"western\"><b>U\u017bYTKOWANIE: <\/b>Nie podgrzewa\u0107, nie zamra\u017ca\u0107, nie zmywa\u0107 w zmywarce, nie wk\u0142ada\u0107 do mikrofali, trzyma\u0107 z dala od telefon\u00f3w kom\u00f3rkowych, komputera i urz\u0105dze\u0144 elektromagnetycznych.<\/p>\n<p>&nbsp;<\/p>\n<p class=\"western\"><strong>Zanim napiszesz do nas maila sprawd\u017a czy odpowiedz nie znajduje si\u0119 w dziale <a href=\"https:\/\/harmonyh2o.com\/pytania-i-odpowiedzi\/\">Pytania i Odpowiedzi<\/a><\/strong><\/p>\n<p>&nbsp;<\/p>\n","protected":false},"excerpt":{"rendered":"<p>Aktywna Kula 5cm, wykonana z miedzi.<\/p>\n<p>uzyskuje wod\u0119 60% orto klastr\u00f3w. (Woda Wzorcowa 100% orto klastr\u00f3w)<\/p>\n<div class=\"woocommerce-product-details__short-description\"><\/div>\n","protected":false},"featured_media":1674,"comment_status":"closed","ping_status":"closed","template":"","meta":[],"product_brand":[],"product_cat":[20,23],"product_tag":[],"class_list":{"0":"post-1638","1":"product","2":"type-product","3":"status-publish","4":"has-post-thumbnail","6":"product_cat-dombiuro","7":"product_cat-natura","9":"first","10":"instock","11":"shipping-taxable","12":"purchasable","13":"product-type-simple"},"acf":[],"_links":{"self":[{"href":"https:\/\/lwt2.pomeraniandevelopment.pl\/en\/wp-json\/wp\/v2\/product\/1638"}],"collection":[{"href":"https:\/\/lwt2.pomeraniandevelopment.pl\/en\/wp-json\/wp\/v2\/product"}],"about":[{"href":"https:\/\/lwt2.pomeraniandevelopment.pl\/en\/wp-json\/wp\/v2\/types\/product"}],"replies":[{"embeddable":true,"href":"https:\/\/lwt2.pomeraniandevelopment.pl\/en\/wp-json\/wp\/v2\/comments?post=1638"}],"wp:featuredmedia":[{"embeddable":true,"href":"https:\/\/lwt2.pomeraniandevelopment.pl\/en\/wp-json\/wp\/v2\/media\/1674"}],"wp:attachment":[{"href":"https:\/\/lwt2.pomeraniandevelopment.pl\/en\/wp-json\/wp\/v2\/media?parent=1638"}],"wp:term":[{"taxonomy":"product_brand","embeddable":true,"href":"https:\/\/lwt2.pomeraniandevelopment.pl\/en\/wp-json\/wp\/v2\/product_brand?post=1638"},{"taxonomy":"product_cat","embeddable":true,"href":"https:\/\/lwt2.pomeraniandevelopment.pl\/en\/wp-json\/wp\/v2\/product_cat?post=1638"},{"taxonomy":"product_tag","embeddable":true,"href":"https:\/\/lwt2.pomeraniandevelopment.pl\/en\/wp-json\/wp\/v2\/product_tag?post=1638"}],"curies":[{"name":"wp","href":"https:\/\/api.w.org\/{rel}","templated":true}]}}