{"id":1636,"date":"2024-07-29T04:46:24","date_gmt":"2024-07-29T04:46:24","guid":{"rendered":"https:\/\/lwt2.pomeraniandevelopment.pl\/?post_type=product&#038;p=1636"},"modified":"2024-08-06T11:01:25","modified_gmt":"2024-08-06T11:01:25","slug":"plsystem-uzdatniania-zywej-wody-3-stopniowy-moj-dom-przylacze-3-4-lw55t3","status":"publish","type":"product","link":"https:\/\/lwt2.pomeraniandevelopment.pl\/en\/produkt\/plsystem-uzdatniania-zywej-wody-3-stopniowy-moj-dom-przylacze-3-4-lw55t3\/","title":{"rendered":"System uzdatniania \u017cywej wody 3 stopniowy &#8220;M\u00f3j dom&#8221; przy\u0142\u0105cze 3\/4\u201d (LW55T3)"},"content":{"rendered":"<p>10&#8243; trzystopniowy system narurowy Wyposa\u017cony w ci\u015bnieniomierze oraz komplet przy\u0142\u0105czy, wyprodukowany z komponent\u00f3w NSF oraz WRAS. W zale\u017cno\u015bci od jako\u015bci wody system mo\u017cna dowolnie konfigurowa\u0107 za pomoc\u0105 wk\u0142ad\u00f3w: mechanicznych, specjalistycznych lub w\u0119glowych.<\/p>\n<p>&nbsp;<\/p>\n<p><strong>Zestaw zawiera: <\/strong><\/p>\n<p>2 x ci\u015bnieniomierze,<\/p>\n<p>klucz, 3 x bakteriostatyczny dysk centruj\u0105cy.<\/p>\n<p>System dost\u0119pny jest z przy\u0142\u0105czem:<\/p>\n<p>FHPRCL34-B-TRIPLE-3\/4&#8243; BSP<\/p>\n<p>Zestaw zawiera: system FHPRCLx-B-TRIPLE, klucz, instrukcj\u0119.<\/p>\n<p>Filtr sznurkowy lub polipropylenowy<\/p>\n<p>Wk\u0142ad w\u0119glowo kokosowy<\/p>\n<p>Zestaw 5 aktywnych kul 5 cm wykonanych z miedzi<\/p>\n<p>&nbsp;<\/p>\n<p>Zestaw kompletny gotowy do instalacji zalecany dla dom\u00f3w jednorodzinnych<\/p>\n<p>&nbsp;<\/p>\n<p><strong>Wymiary zestawu:<\/strong><\/p>\n<p>Szeroko\u015b\u0107 40 cm<\/p>\n<p>Wysoko\u015b\u0107 38,5 cm<\/p>\n<p>Grubo\u015b\u0107 15 cm<\/p>\n<p>&nbsp;<\/p>\n<p>Przy monta\u017cu nale\u017cy zwr\u00f3ci\u0107 uwag\u0119 na kierunek przep\u0142ywu wody, w g\u00f3rnej cz\u0119\u015bci niebieskiej tuby s\u0105 strza\u0142ki.<\/p>\n<p>Kolejno\u015b\u0107 wk\u0142ad\u00f3w zgodna z kierunkiem wody 1. wk\u0142ad polipropylenowy 2. wk\u0142ad w\u0119glowy 3. zestaw 5 kul<\/p>\n<p>&nbsp;<\/p>\n<p><strong>Aktywna Kula<\/strong> dzia\u0142a w oparciu o technologi\u0119 \u017cywej wody \u201eLiving Water Technology\u201d Wykorzystuj\u0105c w pe\u0142ni energi\u0119 natury, oddzia\u0142uj\u0105c specjalnie opracowan\u0105 wod\u0105 wzorcow\u0105, znajduj\u0105c\u0105 si\u0119 wewn\u0105trz kuli. kula o\u017cywia (przywraca naturaln\u0105 struktur\u0119 wodzie)<\/p>\n<p>Picie \u017cywej wody wzmacnia pami\u0119\u0107, pozwala unikn\u0105\u0107 wielu chor\u00f3b, wzmacnia psychofizyczne zdolno\u015bci cz\u0142owieka, a woda taka znacznie lepiej nasyca biomoleku\u0142y organizmu oraz aktywniej reaguje ze sk\u0142adnikami biologicznymi i mineralnymi cia\u0142a.<\/p>\n<p>&nbsp;<\/p>\n<p class=\"western\"><b>U\u017bYTKOWANIE: <\/b>Nie podgrzewa\u0107, nie zamra\u017ca\u0107, nie zmywa\u0107 w zmywarce, nie wk\u0142ada\u0107 do mikrofali, trzyma\u0107 z dala od telefon\u00f3w kom\u00f3rkowych, komputera i urz\u0105dze\u0144 elektromagnetycznych.<\/p>\n<p>&nbsp;<\/p>\n<p class=\"western\"><strong>Zanim napiszesz do nas maila sprawd\u017a czy odpowiedz nie znajduje si\u0119 w dziale <a href=\"https:\/\/harmonyh2o.com\/pytania-i-odpowiedzi\/\">Pytania i Odpowiedzi<\/a><\/strong><\/p>\n","protected":false},"excerpt":{"rendered":"<p>uzyskuje wod\u0119 60% orto klastr\u00f3w. (Woda Wzorcowa 100% orto klastr\u00f3w)<br \/>\n10&#8243; trzystopniowy system narurowy Wyposa\u017cony w ci\u015bnieniomierze oraz komplet przy\u0142\u0105czy<\/p>\n","protected":false},"featured_media":1672,"comment_status":"closed","ping_status":"closed","template":"","meta":[],"product_brand":[],"product_cat":[20],"product_tag":[],"class_list":{"0":"post-1636","1":"product","2":"type-product","3":"status-publish","4":"has-post-thumbnail","6":"product_cat-dombiuro","8":"first","9":"instock","10":"shipping-taxable","11":"purchasable","12":"product-type-simple"},"acf":[],"_links":{"self":[{"href":"https:\/\/lwt2.pomeraniandevelopment.pl\/en\/wp-json\/wp\/v2\/product\/1636"}],"collection":[{"href":"https:\/\/lwt2.pomeraniandevelopment.pl\/en\/wp-json\/wp\/v2\/product"}],"about":[{"href":"https:\/\/lwt2.pomeraniandevelopment.pl\/en\/wp-json\/wp\/v2\/types\/product"}],"replies":[{"embeddable":true,"href":"https:\/\/lwt2.pomeraniandevelopment.pl\/en\/wp-json\/wp\/v2\/comments?post=1636"}],"wp:featuredmedia":[{"embeddable":true,"href":"https:\/\/lwt2.pomeraniandevelopment.pl\/en\/wp-json\/wp\/v2\/media\/1672"}],"wp:attachment":[{"href":"https:\/\/lwt2.pomeraniandevelopment.pl\/en\/wp-json\/wp\/v2\/media?parent=1636"}],"wp:term":[{"taxonomy":"product_brand","embeddable":true,"href":"https:\/\/lwt2.pomeraniandevelopment.pl\/en\/wp-json\/wp\/v2\/product_brand?post=1636"},{"taxonomy":"product_cat","embeddable":true,"href":"https:\/\/lwt2.pomeraniandevelopment.pl\/en\/wp-json\/wp\/v2\/product_cat?post=1636"},{"taxonomy":"product_tag","embeddable":true,"href":"https:\/\/lwt2.pomeraniandevelopment.pl\/en\/wp-json\/wp\/v2\/product_tag?post=1636"}],"curies":[{"name":"wp","href":"https:\/\/api.w.org\/{rel}","templated":true}]}}