{"id":1632,"date":"2024-07-29T04:46:23","date_gmt":"2024-07-29T04:46:23","guid":{"rendered":"https:\/\/lwt2.pomeraniandevelopment.pl\/?post_type=product&#038;p=1632"},"modified":"2024-08-23T07:21:37","modified_gmt":"2024-08-23T07:21:37","slug":"aktywna-kula-15-cm","status":"publish","type":"product","link":"https:\/\/lwt2.pomeraniandevelopment.pl\/en\/produkt\/aktywna-kula-15-cm\/","title":{"rendered":"Aktywna Kula 15 cm"},"content":{"rendered":"<p>Dzia\u0142a w oparciu o technologi\u0119 \u017cywej wody \u201eLiving Water Technology\u201d Wykorzystuj\u0105c w pe\u0142ni energi\u0119 natury, oddzia\u0142uj\u0105c specjalnie opracowan\u0105 wod\u0105 wzorcow\u0105, znajduj\u0105c\u0105 si\u0119 wewn\u0105trz kuli. Kula o\u017cywia (przywraca naturaln\u0105 struktur\u0119 wodzie)<\/p>\n<p>wykonana z miedzi.<\/p>\n<p>Dedykowana do rewitalizacji oczek wodnych, rzek, staw\u00f3w hodowlanych i jezior.<\/p>\n<p>To zdecydowanie najmniej inwazyjna jak r\u00f3wnie\u017c najta\u0144sza metoda rewitalizacji ma\u0142ych i du\u017cych zbiornik\u00f3w wodnych.<\/p>\n<p>Kule s\u0105 produktem zawieraj\u0105cym wi\u0119ksz\u0105 ilo\u015b\u0107 wody wzorcowej, dzi\u0119ki temu oraz uniwersalnemu kszta\u0142towi oddzia\u0142ywuj\u0105 silniej na wi\u0119ksz\u0105 powierzchni\u0119. S\u0142u\u017c\u0105 do strukturyzacji i naprawy wi\u0119kszych zbiornik\u00f3w wodnych.<\/p>\n<p>Kule strukturyzuj\u0105 do poziomu 60% orto-klastr\u00f3w. Dzi\u0119ki uniwersalnemu kszta\u0142towi znakomicie oczyszczaj\u0105 przestrze\u0144 z negatywnej pami\u0119ci wody. Idealnie nadaj\u0105 si\u0119 do oczek wodnych (kula 10 cm), basen\u00f3w (kula 15 cm) i du\u017cych zbiornik\u00f3w wodnych jak jeziora(25 cm i wi\u0119cej)<\/p>\n<p class=\"western\" style=\"margin-bottom: 9.9pt; line-height: 115%;\"><strong><span style=\"font-size: 11pt; line-height: 115%;\">Zanim napiszesz do nas maila sprawd\u017a czy odpowiedz nie znajduje si\u0119 w dziale <a style=\"color: blue; text-decoration: underline;\" href=\"\/pytania-i-odpowiedzi\/\">Pytania i Odpowiedzi<\/a><\/span><\/strong><\/p>\n<p>&nbsp;<\/p>\n<p>&nbsp;<\/p>\n","protected":false},"excerpt":{"rendered":"<p>Uzyskuje wod\u0119 60% orto klastr\u00f3w. (Woda Wzorcowa 100% orto klastr\u00f3w)<\/p>\n<p>Aktywna Kula do rewitalizacji ma\u0142ych zbiornik\u00f3w wodnych \u015brednica 15 cm, opakowanie drewniana skrzyneczka<\/p>\n","protected":false},"featured_media":1667,"comment_status":"closed","ping_status":"closed","template":"","meta":[],"product_brand":[],"product_cat":[23],"product_tag":[],"class_list":{"0":"post-1632","1":"product","2":"type-product","3":"status-publish","4":"has-post-thumbnail","6":"product_cat-natura","8":"first","9":"instock","10":"shipping-taxable","11":"purchasable","12":"product-type-simple"},"acf":[],"_links":{"self":[{"href":"https:\/\/lwt2.pomeraniandevelopment.pl\/en\/wp-json\/wp\/v2\/product\/1632"}],"collection":[{"href":"https:\/\/lwt2.pomeraniandevelopment.pl\/en\/wp-json\/wp\/v2\/product"}],"about":[{"href":"https:\/\/lwt2.pomeraniandevelopment.pl\/en\/wp-json\/wp\/v2\/types\/product"}],"replies":[{"embeddable":true,"href":"https:\/\/lwt2.pomeraniandevelopment.pl\/en\/wp-json\/wp\/v2\/comments?post=1632"}],"wp:featuredmedia":[{"embeddable":true,"href":"https:\/\/lwt2.pomeraniandevelopment.pl\/en\/wp-json\/wp\/v2\/media\/1667"}],"wp:attachment":[{"href":"https:\/\/lwt2.pomeraniandevelopment.pl\/en\/wp-json\/wp\/v2\/media?parent=1632"}],"wp:term":[{"taxonomy":"product_brand","embeddable":true,"href":"https:\/\/lwt2.pomeraniandevelopment.pl\/en\/wp-json\/wp\/v2\/product_brand?post=1632"},{"taxonomy":"product_cat","embeddable":true,"href":"https:\/\/lwt2.pomeraniandevelopment.pl\/en\/wp-json\/wp\/v2\/product_cat?post=1632"},{"taxonomy":"product_tag","embeddable":true,"href":"https:\/\/lwt2.pomeraniandevelopment.pl\/en\/wp-json\/wp\/v2\/product_tag?post=1632"}],"curies":[{"name":"wp","href":"https:\/\/api.w.org\/{rel}","templated":true}]}}