{"id":1629,"date":"2024-07-29T04:46:23","date_gmt":"2024-07-29T04:46:23","guid":{"rendered":"https:\/\/lwt2.pomeraniandevelopment.pl\/?post_type=product&#038;p=1629"},"modified":"2024-08-06T11:02:21","modified_gmt":"2024-08-06T11:02:21","slug":"plaktywne-kule-5-cm-zestaw-5-sztuk-lw55","status":"publish","type":"product","link":"https:\/\/lwt2.pomeraniandevelopment.pl\/en\/produkt\/plaktywne-kule-5-cm-zestaw-5-sztuk-lw55\/","title":{"rendered":"Aktywne Kule 5 cm zestaw 5 sztuk (LW55)"},"content":{"rendered":"<p>Dzia\u0142a w oparciu o technologi\u0119 \u017cywej wody \u201eLiving Water Technology\u201d Wykorzystuj\u0105c w pe\u0142ni energi\u0119 natury, oddzia\u0142uj\u0105c specjalnie opracowan\u0105 wod\u0105 wzorcow\u0105, znajduj\u0105c\u0105 si\u0119 wewn\u0105trz kuli. kula o\u017cywia (przywraca naturaln\u0105 struktur\u0119 wodzie)<\/p>\n<p>&nbsp;<\/p>\n<p>&#8211; zdecydowanie najszybsza metoda aby w ca\u0142ym domu pop\u0142yn\u0119\u0142a \u017cywa woda, wystarczy do filtra narurowego zamiast wk\u0142adu w\u0142o\u017cy\u0107 Aktywn\u0105 Kul\u0119, a w przypadku kiedy takiego filtra nie posiadamy instalujemy sam\u0105 obudow\u0119 i mo\u017cemy od razu si\u0119 cieszy\u0107 \u017cywa wod\u0105 w ca\u0142ym domu.<\/p>\n<p>&nbsp;<\/p>\n<p>Obudowa filtra FP 3\/4&#8243; dok\u0142adamy gratis do ka\u017cdego zam\u00f3wienia.<\/p>\n<p>Przy monta\u017cu nale\u017cy zwr\u00f3ci\u0107 uwag\u0119 na kierunek przep\u0142ywu wody, w g\u00f3rnej cz\u0119\u015bci niebieskiej tuby s\u0105 strza\u0142ki.<\/p>\n<p><strong>Aktywna Kula<\/strong> dzia\u0142a w oparciu o technologi\u0119 \u017cywej wody \u201eLiving Water Technology\u201d Wykorzystuj\u0105c w pe\u0142ni energi\u0119 natury, oddzia\u0142uj\u0105c specjalnie opracowan\u0105 wod\u0105 wzorcow\u0105, znajduj\u0105c\u0105 si\u0119 wewn\u0105trz kuli. kula o\u017cywia (przywraca naturaln\u0105 struktur\u0119 wodzie)<\/p>\n<p>Picie \u017cywej wody wzmacnia pami\u0119\u0107, pozwala unikn\u0105\u0107 wielu chor\u00f3b, wzmacnia psychofizyczne zdolno\u015bci cz\u0142owieka, a woda taka znacznie lepiej nasyca biomoleku\u0142y organizmu oraz aktywniej reaguje ze sk\u0142adnikami biologicznymi i mineralnymi cia\u0142a.<\/p>\n<p>wykonana z miedzi<\/p>\n<p class=\"western\"><b>U\u017bYTKOWANIE: <\/b>Nie podgrzewa\u0107, nie zamra\u017ca\u0107, nie zmywa\u0107 w zmywarce, nie wk\u0142ada\u0107 do mikrofali, trzyma\u0107 z dala od telefon\u00f3w kom\u00f3rkowych, komputera i urz\u0105dze\u0144 elektromagnetycznych.<\/p>\n<p>&nbsp;<\/p>\n<p class=\"western\"><strong>Zanim napiszesz do nas maila sprawd\u017a czy odpowiedz nie znajduje si\u0119 w dziale <a style=\"color: blue; text-decoration: underline;\" href=\"\/pytania-i-odpowiedzi\/\">Pytania i Odpowiedzi<\/a><\/strong><\/p>\n","protected":false},"excerpt":{"rendered":"<p>uzyskuje wod\u0119 60% orto klastr\u00f3w. (Woda Wzorcowa 100% orto klastr\u00f3w)<\/p>\n<p><strong>Aktywne Kule 5 cm zestaw 5 sztuk<\/strong> jako wk\u0142ad do filtra wody narurowego \u00be\u201d dedykowane dla domu jednorodzinnego do 4 os\u00f3b<\/p>\n<p>wykonane z miedzi.<\/p>\n","protected":false},"featured_media":1661,"comment_status":"closed","ping_status":"closed","template":"","meta":[],"product_brand":[],"product_cat":[20],"product_tag":[],"class_list":{"0":"post-1629","1":"product","2":"type-product","3":"status-publish","4":"has-post-thumbnail","6":"product_cat-dombiuro","8":"first","9":"instock","10":"shipping-taxable","11":"purchasable","12":"product-type-simple"},"acf":[],"_links":{"self":[{"href":"https:\/\/lwt2.pomeraniandevelopment.pl\/en\/wp-json\/wp\/v2\/product\/1629"}],"collection":[{"href":"https:\/\/lwt2.pomeraniandevelopment.pl\/en\/wp-json\/wp\/v2\/product"}],"about":[{"href":"https:\/\/lwt2.pomeraniandevelopment.pl\/en\/wp-json\/wp\/v2\/types\/product"}],"replies":[{"embeddable":true,"href":"https:\/\/lwt2.pomeraniandevelopment.pl\/en\/wp-json\/wp\/v2\/comments?post=1629"}],"wp:featuredmedia":[{"embeddable":true,"href":"https:\/\/lwt2.pomeraniandevelopment.pl\/en\/wp-json\/wp\/v2\/media\/1661"}],"wp:attachment":[{"href":"https:\/\/lwt2.pomeraniandevelopment.pl\/en\/wp-json\/wp\/v2\/media?parent=1629"}],"wp:term":[{"taxonomy":"product_brand","embeddable":true,"href":"https:\/\/lwt2.pomeraniandevelopment.pl\/en\/wp-json\/wp\/v2\/product_brand?post=1629"},{"taxonomy":"product_cat","embeddable":true,"href":"https:\/\/lwt2.pomeraniandevelopment.pl\/en\/wp-json\/wp\/v2\/product_cat?post=1629"},{"taxonomy":"product_tag","embeddable":true,"href":"https:\/\/lwt2.pomeraniandevelopment.pl\/en\/wp-json\/wp\/v2\/product_tag?post=1629"}],"curies":[{"name":"wp","href":"https:\/\/api.w.org\/{rel}","templated":true}]}}